{"id":526,"date":"2023-01-01T20:55:36","date_gmt":"2023-01-01T20:55:36","guid":{"rendered":"https:\/\/ampacamilojosecela.es\/2023\/?page_id=526"},"modified":"2024-07-10T20:43:33","modified_gmt":"2024-07-10T20:43:33","slug":"actividades-de-facei","status":"publish","type":"page","link":"https:\/\/ampacamilojosecela.es\/index.php\/actividades-de-facei\/","title":{"rendered":"FACEI"},"content":{"rendered":"<p>[et_pb_section fb_built=\u00bb1&#8243; fullwidth=\u00bbon\u00bb _builder_version=\u00bb4.19.4&#8243; _module_preset=\u00bbdefault\u00bb background_image=\u00bbhttps:\/\/ampacamilojosecela.es\/2023\/wp-content\/uploads\/2022\/12\/actividades.jpg\u00bb parallax=\u00bbon\u00bb background_blend=\u00bbscreen\u00bb min_height=\u00bb301px\u00bb custom_margin=\u00bb||-54px|||\u00bb global_colors_info=\u00bb{}\u00bb][et_pb_fullwidth_header title=\u00bbFacei sl\u00bb subhead=\u00bbDesde esta p\u00e1gina puedes ver todas las actividades que tiene Facei.\u00bb _builder_version=\u00bb4.19.4&#8243; _module_preset=\u00bbdefault\u00bb background_color=\u00bbRGBA(255,255,255,0)\u00bb min_height=\u00bb209.8px\u00bb custom_padding=\u00bb||12px|||\u00bb global_colors_info=\u00bb{}\u00bb][\/et_pb_fullwidth_header][\/et_pb_section][et_pb_section fb_built=\u00bb1&#8243; _builder_version=\u00bb4.19.4&#8243; _module_preset=\u00bbdefault\u00bb custom_margin=\u00bb-5px|||||\u00bb custom_padding=\u00bb46px|||||\u00bb collapsed=\u00bboff\u00bb global_colors_info=\u00bb{}\u00bb][et_pb_row _builder_version=\u00bb4.19.4&#8243; _module_preset=\u00bbdefault\u00bb custom_margin=\u00bb|auto|-48px|auto||\u00bb custom_padding=\u00bb0px|||||\u00bb global_colors_info=\u00bb{}\u00bb][et_pb_column type=\u00bb4_4&#8243; _builder_version=\u00bb4.19.4&#8243; _module_preset=\u00bbdefault\u00bb global_colors_info=\u00bb{}\u00bb][et_pb_image src=\u00bbhttps:\/\/ampacamilojosecela.es\/2023\/wp-content\/uploads\/2022\/12\/facei-260&#215;140-1.jpg\u00bb title_text=\u00bbfacei-260&#215;140&#8243; _builder_version=\u00bb4.19.4&#8243; _module_preset=\u00bbdefault\u00bb global_colors_info=\u00bb{}\u00bb][\/et_pb_image][et_pb_text _builder_version=\u00bb4.19.4&#8243; _module_preset=\u00bbdefault\u00bb min_height=\u00bb15px\u00bb custom_margin=\u00bb-2px||11px|||\u00bb global_colors_info=\u00bb{}\u00bb]<\/p>\n<h3><span style=\"color: #333399;\">ACTIVIDADES DE FACEI<\/span><\/h3>\n<p>[\/et_pb_text][et_pb_text _builder_version=\u00bb4.25.1&#8243; _module_preset=\u00bbdefault\u00bb hover_enabled=\u00bb0&#8243; global_colors_info=\u00bb{}\u00bb sticky_enabled=\u00bb0&#8243;]<\/p>\n<p><span class=\"animated\"><strong><u>GUITARRA<span>\u00a0<\/span><\/u><\/strong><strong>:\u00a0<\/strong><\/span>Esta actividad trata de acercar al alumno a un conocimiento b\u00e1sico del\u00a0<strong><em>instrumento y a la interpretaci\u00f3n musical<\/em><\/strong>\u00a0como medio de comunicaci\u00f3n social, adem\u00e1s de la asimilaci\u00f3n de las\u00a0<strong><em>primeras nociones del lenguaje musical<\/em><\/strong>\u00a0y la adquisici\u00f3n de una buena t\u00e9cnica base. Tocar un instrumento desarrolla la\u00a0creatividad, la sensibilidad y la inteligencia.<\/p>\n<p><span class=\"animated\"><strong><u>TALLER DE INGL\u00c9S y SPEAK, PLAY &amp; HAVE FUN<\/u><\/strong><\/span><strong><span class=\"animated\">:<\/span>\u00a0<\/strong>Aprendizaje de un segundo idioma mediante\u00a0<strong><em>juegos, canciones, talleres y v\u00eddeos de una forma l\u00fadica\u00a0<\/em><\/strong>y SIN LIBROS DE TEXTO. Es principalmente\u00a0<strong><em>comunicativa,<\/em><\/strong>\u00a0con un aprendizaje c\u00edclico comenzando con la adquisici\u00f3n de vocabulario y continuando, a partir de primaria con la introducci\u00f3n progresiva de\u00a0<strong><em>gram\u00e1tica\u00a0<\/em><\/strong>en nuestra\u00a0<strong><em>\u201cSCHOOL ACADEMY\u201d<\/em><\/strong>\u00a0con la posibilidad de presentarse a los\u00a0<strong><em>ex\u00e1menes oficiales de Trinity y Cambridge.<\/em><\/strong><\/p>\n<p>El objetivo primordial no es s\u00f3lo que nuestros alumnos tengan una buena pronunciaci\u00f3n, sino que comprendan lo que dicen y se comuniquen naturalmente como si lo hicieran en su lengua materna.<\/p>\n<p>Profesor\u00a0<strong><em>NATIVO<\/em><\/strong>\u00a0en todos los grupos, en d\u00edas alternos.<\/p>\n<p><u><\/u><span class=\"animated\"><strong><u>ARTS&amp;CRAFTS (en ingl\u00e9s)<\/u><\/strong><strong>:<\/strong><\/span>\u00a0(Un espacio para crear) Actividad que desarrolla las competencias emocionales de ni\u00f1os y ni\u00f1as a trav\u00e9s de actividades\u00a0<strong><em>art\u00edsticas y creativas. DIBUJO, PINTURA, TEATRO, MANUALIDADES, CREACI\u00d3N DE UNA COMPARSA.<\/em><\/strong><\/p>\n<p><strong><em>Fomentar la creatividad<\/em><\/strong>\u00a0de los ni\u00f1os mediante actividades art\u00edsticas como medio de autoexpresi\u00f3n.<\/p>\n<p><strong><em>Exaltar los valores art\u00edsticos<\/em><\/strong>\u00a0y est\u00e9ticos reconocidos como parte imprescindible de la formaci\u00f3n integral de la personalidad humana.<\/p>\n<p><u><\/u><span class=\"animated\"><strong><u>BAILE<\/u><\/strong><\/span><strong><span class=\"animated\">:<\/span>\u00a0<\/strong>Ayuda a\u00a0<strong><em>controlar el cuerpo<\/em><\/strong>, a\u00a0<strong><em>fortalecer los m\u00fasculos\u00a0<\/em><\/strong>y a mejorar la\u00a0<strong><em>coordinaci\u00f3n<\/em><\/strong>. Es una actividad que permite expresar emociones, posee adem\u00e1s la cualidad de favorecer la\u00a0<strong><em>motivaci\u00f3n y la constancia<\/em><\/strong>, elementos que le ser\u00e1n de gran utilidad en el futuro.\u00a0<strong><em>Estimula los sentidos<\/em><\/strong>, mantiene\u00a0<strong>la forma f\u00edsica<\/strong>, fomenta la\u00a0<strong><em>interrelaci\u00f3n con los dem\u00e1s<\/em><\/strong>. Se les introduce en distintos estilos:\u00a0<strong>cl\u00e1sico, espa\u00f1ol, gym-jazz, funky y salsa.<\/strong><\/p>\n<p><strong><span class=\"animated\"><u>CHIQUIRITMO<\/u>:<\/span><span>\u00a0<\/span><\/strong>Es una mezcla de baile, gimnasia y expresi\u00f3n corporal para ni\u00f1os de Educaci\u00f3n Infantil.<br \/>La expresi\u00f3n corporal enriquece y aumenta las posibilidades comunicativas de nuestros peque\u00f1os, contribuye al dominio del espacio, al conocimiento del propio cuerpo y el de los dem\u00e1s, as\u00ed como a la exploraci\u00f3n de las posibilidades motrices, sobre todo en la etapa de educaci\u00f3n infantil.<\/p>\n<p><u><\/u><span class=\"animated\"><strong><u>JUDO<\/u><\/strong>:<\/span>\u00a0Deporte declarado por la\u00a0<strong><em>UNESCO<\/em><\/strong>\u00a0como\u00a0 uno de los m\u00e1s apropiados para ni\u00f1os y j\u00f3venes.\u00a0<strong><em>DESARROLLA<\/em><\/strong>\u00a0<strong><em>LAS HABILIDADES PSICOMOTRICES Y HABILIDADES SOCIALES.\u00a0<\/em><\/strong>Permite mejorar el\u00a0<strong><em>autocontrol y canalizar la agresividad<\/em><\/strong>. Ayuda a los ni\u00f1os a elegir al tener que\u00a0<strong><em>tomar decisiones<\/em><\/strong>\u00a0para buscar una\u00a0<strong><em>estrategia,<\/em><\/strong>\u00a0a\u00a0<strong><em>conocer su cuerpo<\/em><\/strong>, a\u00a0<strong><em>controlarlo<\/em><\/strong>\u00a0y a saber caer al suelo.<\/p>\n<p><span class=\"animated\"><strong><u>DEPORTE DIVERTIDO<\/u><\/strong><strong>:\u00a0<\/strong><\/span>La Iniciaci\u00f3n al\u00a0<strong><em>Deporte Divertido<\/em><\/strong>\u00a0(I+D+D) se basa en el\u00a0<strong><em>conocimiento y la pr\u00e1ctica de diferentes deportes<\/em><\/strong>\u00a0y ejercicios psicomotrices para los m\u00e1s peque\u00f1os. Los ni\u00f1os adquieren una serie de<strong>\u00a0habilidades motrices b\u00e1sicas\u00a0<em>a trav\u00e9s de diferentes deportes<\/em><\/strong>,\u00a0 fomentar el deporte como ocio y disfrut<strong><em>e<\/em><\/strong>\u00a0del tiempo libre.<\/p>\n<p><span class=\"animated\"><strong><u>PATINAJE E INICIACI\u00d3N AL PATINAJE<\/u><\/strong><strong>:<\/strong><\/span>\u00a0Es una disciplina\u00a0<strong><span class=\"animated\"><em><a href=\"https:\/\/es.wikipedia.org\/wiki\/Deporte\">deportiva<\/a><\/em><\/span>\u00a0<\/strong>de deslizamiento donde se combinan elementos\u00a0<strong><em>t\u00e9cnicos con facetas art\u00edsticas<\/em><\/strong>.<\/p>\n<p>Ayuda a\u00a0<strong><em>desarrollar el equilibrio y la armon\u00eda corporal<\/em>,<\/strong>\u00a0a trav\u00e9s de movimientos y ejercicios.<\/p>\n<p>El objetivo del\u00a0<strong><em>patinaje\u00a0<\/em><\/strong>es conseguir \u00a0que\u00a0los peque\u00f1os aprendan\u00a0<strong><em>habilidades b\u00e1sicas<\/em><\/strong>\u00a0del desplazamiento sobre patines,\u00a0 a cambiar de direcciones, a patinar con obst\u00e1culos.\u00a0 Patinaje libre, figuras, danza, patinaje sincronizado.<\/p>\n<p><span class=\"animated\"><strong><u>AJEDREZ<\/u><\/strong>:<\/span>\u00a0Mejora el nivel<strong><em>\u00a0acad\u00e9mico<\/em><\/strong>\u00a0de los ni\u00f1@s, a trav\u00e9s del desarrollo de\u00a0<strong><em>habilidades cognitivas<\/em><\/strong>\u00a0como\u00a0<strong>la\u00a0<em>concentraci\u00f3n, la agilidad mental \u00a0y la capacidad de an\u00e1lisis<\/em>,<\/strong>\u00a0son elementos fundamentales en la vida infantil y en la vida cotidiana, y que se desarrollan adecuadamente con la pr\u00e1ctica del juego<\/p>\n<p><span class=\"animated\"><strong><u>KARATE<\/u><\/strong><strong>:\u00a0<\/strong><\/span>La pr\u00e1ctica de\u00a0<strong><em>las ARTES MARCIALES<\/em>\u00a0<\/strong>en los ni\u00f1os, les aporta\u00a0 mucho<strong>s\u00a0<em>beneficios\u00a0<\/em><\/strong>dentro de su formaci\u00f3n, tanto\u00a0<strong><em>f\u00edsica, como menta<\/em>l.\u00a0\u00a0<\/strong>El<strong>\u00a0KARATE\u00a0<\/strong>es un\u00a0<strong><em>deporte<\/em><\/strong>\u00a0que ayuda a disminuir el estr\u00e9s y los problemas de\u00a0<strong><em>hiperactividad<\/em><\/strong>. Permite ganar\u00a0<strong><em>flexibilidad,<\/em><\/strong>\u00a0<strong><em>fuerza<\/em><\/strong>\u00a0y prevenir posibles problemas de espalda. Practicar Karate para los ni\u00f1os, debe ser una actividad\u00a0<strong>l\u00fadica recreativa, formativa<\/strong>.<\/p>\n<p><strong><span class=\"animated\"><u>NATACI\u00d3N<\/u>:<\/span><span>\u00a0<\/span><\/strong>Clases de nataci\u00f3n y desarrollo de habilidades motrices b\u00e1sicas en el agua, para ni\u00f1os desde los 3 a\u00f1os.<br \/>Siempre con el mayor grado de seguridad, los ni\u00f1os mejoran sus destrezas motrices, realizan ejercicio cardiovascular, se relajan y adquieren seguridad y confianza en s\u00ed mismos en el medio acu\u00e1tico.<br \/>La actividad se desarrolla divididos en grupos en funci\u00f3n de su nivel de destreza.<br \/>El servicio incluye el traslado de los ni\u00f1os a la piscina en autocar (ida y vuelta) acompa\u00f1ados por monitores que los recogen en sus clases y los ayudan a cambiarse.<\/p>\n<p><strong><span class=\"animated\"><u>VOLEIBOL<\/u>:<\/span><span>\u00a0<\/span><\/strong>El voleibol es un deporte ideal y muy vers\u00e1til que fomenta la socializaci\u00f3n y el trabajo en equipo, al mismo tiempo que se divierten y realizan ejercicio f\u00edsico. En este deporte se estimula el equilibrio, la precisi\u00f3n, la agilidad y coordinaci\u00f3n, a trav\u00e9s de diversos ejercicios pr\u00e1cticos.<br \/>Es una excelente practica para iniciares en el mundo deportivo, promocionar h\u00e1bitos de vida activa y saludable y aumento de la forma f\u00edsica.<\/p>\n<p>[\/et_pb_text][\/et_pb_column][\/et_pb_row][et_pb_row _builder_version=\u00bb4.19.4&#8243; _module_preset=\u00bbdefault\u00bb custom_margin=\u00bb|auto|-48px|auto||\u00bb custom_padding=\u00bb0px||0px|||\u00bb global_colors_info=\u00bb{}\u00bb][et_pb_column type=\u00bb4_4&#8243; _builder_version=\u00bb4.19.4&#8243; _module_preset=\u00bbdefault\u00bb global_colors_info=\u00bb{}\u00bb][\/et_pb_column][\/et_pb_row][\/et_pb_section][et_pb_section fb_built=\u00bb1&#8243; admin_label=\u00bbFooter\u00bb _builder_version=\u00bb4.16&#8243; _module_preset=\u00bbdefault\u00bb background_color=\u00bb#000000&#8243; min_height=\u00bb455.7px\u00bb custom_margin=\u00bb-1px||-49px||false|false\u00bb global_module=\u00bb363&#8243; saved_tabs=\u00bball\u00bb global_colors_info=\u00bb{}\u00bb][et_pb_row column_structure=\u00bb1_4,1_4,1_4,1_4&#8243; use_custom_gutter=\u00bbon\u00bb gutter_width=\u00bb1&#8243; make_equal=\u00bbon\u00bb _builder_version=\u00bb4.19.4&#8243; _module_preset=\u00bbdefault\u00bb max_width=\u00bb1440px\u00bb custom_margin=\u00bb-90px||||false|false\u00bb custom_padding=\u00bb0px||||false|false\u00bb global_colors_info=\u00bb{}\u00bb][et_pb_column type=\u00bb1_4&#8243; _builder_version=\u00bb4.16&#8243; _module_preset=\u00bbdefault\u00bb background_color=\u00bb#F5C966&#8243; background_image=\u00bbhttps:\/\/ampacamilojosecela.es\/2023\/wp-content\/uploads\/2022\/12\/high-school_17.png\u00bb background_size=\u00bbinitial\u00bb background_position=\u00bbtop_right\u00bb background_repeat=\u00bbrepeat-y\u00bb custom_padding=\u00bb40px|40px|40px|20px|true|false\u00bb custom_padding_tablet=\u00bb40px||40px||true|false\u00bb custom_padding_phone=\u00bb30px|20px|30px|20px|true|true\u00bb custom_padding_last_edited=\u00bboff|desktop\u00bb global_colors_info=\u00bb{}\u00bb][et_pb_text _builder_version=\u00bb4.16&#8243; _module_preset=\u00bb5c989a74-8649-4b9a-a4a2-6d2b8ae2551c\u00bb header_4_font=\u00bbRoboto|700||on|||||\u00bb header_4_text_color=\u00bbrgba(255,255,255,0.5)\u00bb header_4_font_size=\u00bb12px\u00bb header_4_letter_spacing=\u00bb3px\u00bb header_4_line_height=\u00bb1.5em\u00bb custom_margin=\u00bb||0px||false|false\u00bb custom_margin_tablet=\u00bb30px||||false|false\u00bb custom_margin_phone=\u00bb20px||||false|false\u00bb custom_margin_last_edited=\u00bboff|desktop\u00bb locked=\u00bboff\u00bb global_colors_info=\u00bb{}\u00bb]<\/p>\n<h4>horario del centro<\/h4>\n<p>[\/et_pb_text][et_pb_text _builder_version=\u00bb4.19.4&#8243; _module_preset=\u00bbc2a3d585-c259-4e5a-8faa-710c0e634348&#8243; text_font=\u00bbRoboto|500|||||||\u00bb text_text_color=\u00bb#FFFFFF\u00bb text_font_size=\u00bb16px\u00bb text_line_height=\u00bb1.6em\u00bb header_5_text_color=\u00bb#FFFFFF\u00bb header_5_line_height=\u00bb1.8em\u00bb text_font_size_tablet=\u00bb15px\u00bb text_font_size_phone=\u00bb14px\u00bb text_font_size_last_edited=\u00bbon|desktop\u00bb header_font_size_tablet=\u00bb55px\u00bb header_font_size_last_edited=\u00bboff|desktop\u00bb locked=\u00bboff\u00bb global_colors_info=\u00bb{}\u00bb]<\/p>\n<p>Lunes a Viernes:<br \/>Primeros del cole 7:30-9:00<br \/>Clases 9:00-16:00<br \/>Extraescolares: 16:00 a 17:00 (y a mediod\u00eda en horario de comedor)<\/p>\n<p>C\u00d3DIGO DE CENTRO 28041755<\/p>\n<p>[\/et_pb_text][\/et_pb_column][et_pb_column type=\u00bb1_4&#8243; _builder_version=\u00bb4.16&#8243; _module_preset=\u00bbdefault\u00bb background_color=\u00bb#F7827E\u00bb background_image=\u00bbhttps:\/\/ampacamilojosecela.es\/2023\/wp-content\/uploads\/2022\/12\/high-school_17.png\u00bb background_size=\u00bbinitial\u00bb background_position=\u00bbtop_right\u00bb background_repeat=\u00bbrepeat-y\u00bb custom_padding=\u00bb40px|40px|40px|20px|true|false\u00bb global_colors_info=\u00bb{}\u00bb][et_pb_text _builder_version=\u00bb4.19.4&#8243; _module_preset=\u00bb5c989a74-8649-4b9a-a4a2-6d2b8ae2551c\u00bb header_4_font=\u00bbRoboto|700||on|||||\u00bb header_4_text_color=\u00bbrgba(255,255,255,0.5)\u00bb header_4_font_size=\u00bb12px\u00bb header_4_letter_spacing=\u00bb3px\u00bb header_4_line_height=\u00bb1.5em\u00bb custom_margin=\u00bb||0px||false|false\u00bb locked=\u00bboff\u00bb global_colors_info=\u00bb{}\u00bb]<\/p>\n<h4>Direcci\u00f3n del colegio<\/h4>\n<p>[\/et_pb_text][et_pb_text _builder_version=\u00bb4.19.4&#8243; _module_preset=\u00bbc2a3d585-c259-4e5a-8faa-710c0e634348&#8243; text_font=\u00bbRoboto|500|||||||\u00bb text_text_color=\u00bb#FFFFFF\u00bb text_font_size=\u00bb16px\u00bb text_line_height=\u00bb1.6em\u00bb header_5_text_color=\u00bb#FFFFFF\u00bb header_5_line_height=\u00bb1.8em\u00bb text_font_size_tablet=\u00bb15px\u00bb text_font_size_phone=\u00bb14px\u00bb text_font_size_last_edited=\u00bbon|desktop\u00bb header_font_size_tablet=\u00bb55px\u00bb header_font_size_last_edited=\u00bboff|desktop\u00bb locked=\u00bboff\u00bb global_colors_info=\u00bb{}\u00bb]Melchor Fern\u00e1ndez Almagro, 22<br \/>\n28029 Madrid[\/et_pb_text][\/et_pb_column][et_pb_column type=\u00bb1_4&#8243; _builder_version=\u00bb4.19.4&#8243; _module_preset=\u00bbdefault\u00bb background_color=\u00bb#C88BDA\u00bb background_image=\u00bbhttps:\/\/ampacamilojosecela.es\/2023\/wp-content\/uploads\/2022\/12\/high-school_17.png\u00bb background_size=\u00bbinitial\u00bb background_position=\u00bbtop_right\u00bb background_repeat=\u00bbrepeat-y\u00bb custom_padding=\u00bb40px|40px|40px|20px|true|false\u00bb global_colors_info=\u00bb{}\u00bb][et_pb_text _builder_version=\u00bb4.16&#8243; _module_preset=\u00bb5c989a74-8649-4b9a-a4a2-6d2b8ae2551c\u00bb header_4_font=\u00bbRoboto|700||on|||||\u00bb header_4_text_color=\u00bbrgba(255,255,255,0.5)\u00bb header_4_font_size=\u00bb12px\u00bb header_4_letter_spacing=\u00bb3px\u00bb header_4_line_height=\u00bb1.5em\u00bb custom_margin=\u00bb||0px||false|false\u00bb locked=\u00bboff\u00bb global_colors_info=\u00bb{}\u00bb]<\/p>\n<h4>Email<\/h4>\n<p>[\/et_pb_text][et_pb_text _builder_version=\u00bb4.19.4&#8243; _module_preset=\u00bbc2a3d585-c259-4e5a-8faa-710c0e634348&#8243; text_font=\u00bbRoboto|500|||||||\u00bb text_text_color=\u00bb#FFFFFF\u00bb text_font_size=\u00bb16px\u00bb text_line_height=\u00bb1.6em\u00bb link_text_color=\u00bb#FFFFFF\u00bb header_5_text_color=\u00bb#FFFFFF\u00bb header_5_line_height=\u00bb1.8em\u00bb text_font_size_tablet=\u00bb15px\u00bb text_font_size_phone=\u00bb14px\u00bb text_font_size_last_edited=\u00bbon|desktop\u00bb header_font_size_tablet=\u00bb55px\u00bb header_font_size_last_edited=\u00bboff|desktop\u00bb locked=\u00bboff\u00bb global_colors_info=\u00bb{}\u00bb]<\/p>\n<p><a href=\"mailto:ampa.camilojc@gmail.com\">ampa.camilojc@gmail.com<\/a><\/p>\n<p>[\/et_pb_text][\/et_pb_column][et_pb_column type=\u00bb1_4&#8243; _builder_version=\u00bb4.16&#8243; _module_preset=\u00bbdefault\u00bb background_color=\u00bb#62acac\u00bb background_image=\u00bbhttps:\/\/ampacamilojosecela.es\/2023\/wp-content\/uploads\/2022\/12\/high-school_17.png\u00bb background_size=\u00bbinitial\u00bb background_position=\u00bbtop_right\u00bb background_repeat=\u00bbrepeat-y\u00bb custom_padding=\u00bb40px|40px|40px|20px|true|false\u00bb global_colors_info=\u00bb{}\u00bb][et_pb_text _builder_version=\u00bb4.19.4&#8243; _module_preset=\u00bb5c989a74-8649-4b9a-a4a2-6d2b8ae2551c\u00bb header_4_font=\u00bbRoboto|700||on|||||\u00bb header_4_text_color=\u00bbrgba(255,255,255,0.5)\u00bb header_4_font_size=\u00bb12px\u00bb header_4_letter_spacing=\u00bb3px\u00bb header_4_line_height=\u00bb1.5em\u00bb custom_margin=\u00bb||0px||false|false\u00bb custom_margin_last_edited=\u00bboff|desktop\u00bb locked=\u00bboff\u00bb global_colors_info=\u00bb{}\u00bb]<\/p>\n<h4>CONTACTA CON EL COLEGIO<\/h4>\n<p>[\/et_pb_text][et_pb_text _builder_version=\u00bb4.19.4&#8243; _module_preset=\u00bbc2a3d585-c259-4e5a-8faa-710c0e634348&#8243; text_font=\u00bbRoboto|500|||||||\u00bb text_text_color=\u00bb#FFFFFF\u00bb text_font_size=\u00bb16px\u00bb text_line_height=\u00bb1.6em\u00bb link_text_color=\u00bb#FFFFFF\u00bb header_5_text_color=\u00bb#FFFFFF\u00bb header_5_line_height=\u00bb1.8em\u00bb text_font_size_tablet=\u00bb15px\u00bb text_font_size_phone=\u00bb14px\u00bb text_font_size_last_edited=\u00bbon|desktop\u00bb header_font_size_tablet=\u00bb55px\u00bb header_font_size_last_edited=\u00bboff|desktop\u00bb locked=\u00bboff\u00bb global_colors_info=\u00bb{}\u00bb]<\/p>\n<p><strong>Direcci\u00f3n:<\/strong> <a href=\"mailto:cp.cela.madrid@educa.madrid.org\">cp.cela.madrid@educa.madrid.org<\/a><br \/>Secretar\u00eda: <a href=\"mailto:secretaria.cp.cela.madrid@educa.madrid.org\">secretaria.cp.cela.madrid@educa.madrid.org<\/a><br \/>Tel\u00e9fono: <a href=\"tel:917392424\">91 739 24 24<\/a><br \/>Fax: 91 378 15 07\u00a0<\/p>\n<p>[\/et_pb_text][\/et_pb_column][\/et_pb_row][et_pb_row column_structure=\u00bb1_4,1_4,1_4,1_4&#8243; _builder_version=\u00bb4.19.4&#8243; _module_preset=\u00bbdefault\u00bb max_height=\u00bb192px\u00bb global_colors_info=\u00bb{}\u00bb][et_pb_column type=\u00bb1_4&#8243; _builder_version=\u00bb4.16&#8243; _module_preset=\u00bbdefault\u00bb global_colors_info=\u00bb{}\u00bb][et_pb_image src=\u00bbhttps:\/\/ampacamilojosecela.es\/2023\/wp-content\/uploads\/2022\/12\/Recurso-5.png\u00bb title_text=\u00bbRecurso-5&#8243; _builder_version=\u00bb4.19.4&#8243; _module_preset=\u00bbdefault\u00bb global_colors_info=\u00bb{}\u00bb][\/et_pb_image][\/et_pb_column][et_pb_column type=\u00bb1_4&#8243; _builder_version=\u00bb4.16&#8243; _module_preset=\u00bbdefault\u00bb global_colors_info=\u00bb{}\u00bb][et_pb_text _builder_version=\u00bb4.19.4&#8243; _module_preset=\u00bb5c989a74-8649-4b9a-a4a2-6d2b8ae2551c\u00bb header_4_font=\u00bbRoboto|700||on|||||\u00bb header_4_text_color=\u00bb#FFFFFF\u00bb header_4_font_size=\u00bb12px\u00bb header_4_letter_spacing=\u00bb3px\u00bb header_4_line_height=\u00bb1.5em\u00bb header_5_text_color=\u00bb#FFFFFF\u00bb custom_margin=\u00bb||0px||false|false\u00bb locked=\u00bboff\u00bb global_colors_info=\u00bb{}\u00bb]<\/p>\n<h4>COLEGIO<\/h4>\n<p>[\/et_pb_text][et_pb_text _builder_version=\u00bb4.19.4&#8243; _module_preset=\u00bb7262e956-c376-4aa6-9642-c413f71527d0&#8243; text_line_height=\u00bb1.8em\u00bb link_text_color=\u00bb#FFFFFF\u00bb link_line_height=\u00bb1.2em\u00bb header_font_size_tablet=\u00bb55px\u00bb header_font_size_last_edited=\u00bboff|desktop\u00bb locked=\u00bboff\u00bb global_colors_info=\u00bb{}\u00bb]<\/p>\n<p><a href=\"https:\/\/site.educa.madrid.org\/cp.cela.madrid\/\">Web del Colegio<\/a><\/p>\n<p>&nbsp;<\/p>\n<p>[\/et_pb_text][\/et_pb_column][et_pb_column type=\u00bb1_4&#8243; _builder_version=\u00bb4.16&#8243; _module_preset=\u00bbdefault\u00bb global_colors_info=\u00bb{}\u00bb][et_pb_text _builder_version=\u00bb4.19.4&#8243; _module_preset=\u00bb5c989a74-8649-4b9a-a4a2-6d2b8ae2551c\u00bb header_4_font=\u00bbRoboto|700||on|||||\u00bb header_4_text_color=\u00bb#FFFFFF\u00bb header_4_font_size=\u00bb12px\u00bb header_4_letter_spacing=\u00bb3px\u00bb header_4_line_height=\u00bb1.5em\u00bb header_5_text_color=\u00bb#FFFFFF\u00bb custom_margin=\u00bb||0px||false|false\u00bb locked=\u00bboff\u00bb global_colors_info=\u00bb{}\u00bb]<\/p>\n<h4>AMPA<\/h4>\n<p>[\/et_pb_text][et_pb_text _builder_version=\u00bb4.19.4&#8243; _module_preset=\u00bb7262e956-c376-4aa6-9642-c413f71527d0&#8243; text_line_height=\u00bb1.8em\u00bb link_text_color=\u00bb#FFFFFF\u00bb link_line_height=\u00bb1.2em\u00bb header_font_size_tablet=\u00bb55px\u00bb header_font_size_last_edited=\u00bboff|desktop\u00bb locked=\u00bboff\u00bb global_colors_info=\u00bb{}\u00bb]<\/p>\n<p><a href=\"https:\/\/ampacamilojosecela.es\/index.php\/politica-privacidad\/\">Pol\u00edtica de privacidad<\/a><br \/><a href=\"https:\/\/ampacamilojosecela.es\/index.php\/cookies-policy\/\">Pol\u00edtica de cookies<\/a><\/p>\n<p>[\/et_pb_text][\/et_pb_column][et_pb_column type=\u00bb1_4&#8243; _builder_version=\u00bb4.16&#8243; _module_preset=\u00bbdefault\u00bb global_colors_info=\u00bb{}\u00bb][et_pb_text _builder_version=\u00bb4.19.4&#8243; _module_preset=\u00bb5c989a74-8649-4b9a-a4a2-6d2b8ae2551c\u00bb header_4_font=\u00bbRoboto|700||on|||||\u00bb header_4_text_color=\u00bb#FFFFFF\u00bb header_4_font_size=\u00bb12px\u00bb header_4_letter_spacing=\u00bb3px\u00bb header_4_line_height=\u00bb1.5em\u00bb header_5_text_color=\u00bb#FFFFFF\u00bb custom_margin=\u00bb||0px||false|false\u00bb locked=\u00bboff\u00bb global_colors_info=\u00bb{}\u00bb]<\/p>\n<h4>ACTIVIDADES<\/h4>\n<p>[\/et_pb_text][et_pb_text _builder_version=\u00bb4.19.4&#8243; _module_preset=\u00bb7262e956-c376-4aa6-9642-c413f71527d0&#8243; text_line_height=\u00bb1.8em\u00bb link_text_color=\u00bb#FFFFFF\u00bb link_line_height=\u00bb1.2em\u00bb header_font_size_tablet=\u00bb55px\u00bb header_font_size_last_edited=\u00bboff|desktop\u00bb locked=\u00bboff\u00bb global_colors_info=\u00bb{}\u00bb]<\/p>\n<p><a href=\"https:\/\/ampacamilojosecela.es\/index.php\/actividades\/\">Actividades del AMPA<\/a><br \/><a href=\"https:\/\/ampacamilojosecela.es\/index.php\/formularios-de-inscripcion\/\">Formularios de inscripci\u00f3n<\/a><br \/><a href=\"https:\/\/ampacamilojosecela.es\/index.php\/ultimas-noticias\/\">\u00daltimas noticias<\/a><\/p>\n<p>[\/et_pb_text][\/et_pb_column][\/et_pb_row][\/et_pb_section]<\/p>\n","protected":false},"excerpt":{"rendered":"<p>ACTIVIDADES DE FACEIGUITARRA\u00a0:\u00a0Esta actividad trata de acercar al alumno a un conocimiento b\u00e1sico del\u00a0instrumento y a la interpretaci\u00f3n musical\u00a0como medio de comunicaci\u00f3n social, adem\u00e1s de la asimilaci\u00f3n de las\u00a0primeras nociones del lenguaje musical\u00a0y la adquisici\u00f3n de una buena t\u00e9cnica base. Tocar un instrumento desarrolla la\u00a0creatividad, la sensibilidad y la inteligencia. TALLER DE INGL\u00c9S y SPEAK, [&hellip;]<\/p>\n","protected":false},"author":1,"featured_media":0,"parent":0,"menu_order":0,"comment_status":"closed","ping_status":"closed","template":"","meta":{"_et_pb_use_builder":"on","_et_pb_old_content":"","_et_gb_content_width":"","footnotes":""},"class_list":["post-526","page","type-page","status-publish","hentry"],"_links":{"self":[{"href":"https:\/\/ampacamilojosecela.es\/index.php\/wp-json\/wp\/v2\/pages\/526","targetHints":{"allow":["GET"]}}],"collection":[{"href":"https:\/\/ampacamilojosecela.es\/index.php\/wp-json\/wp\/v2\/pages"}],"about":[{"href":"https:\/\/ampacamilojosecela.es\/index.php\/wp-json\/wp\/v2\/types\/page"}],"author":[{"embeddable":true,"href":"https:\/\/ampacamilojosecela.es\/index.php\/wp-json\/wp\/v2\/users\/1"}],"replies":[{"embeddable":true,"href":"https:\/\/ampacamilojosecela.es\/index.php\/wp-json\/wp\/v2\/comments?post=526"}],"version-history":[{"count":7,"href":"https:\/\/ampacamilojosecela.es\/index.php\/wp-json\/wp\/v2\/pages\/526\/revisions"}],"predecessor-version":[{"id":1296,"href":"https:\/\/ampacamilojosecela.es\/index.php\/wp-json\/wp\/v2\/pages\/526\/revisions\/1296"}],"wp:attachment":[{"href":"https:\/\/ampacamilojosecela.es\/index.php\/wp-json\/wp\/v2\/media?parent=526"}],"curies":[{"name":"wp","href":"https:\/\/api.w.org\/{rel}","templated":true}]}}